{"id":2741,"date":"2022-03-11T11:04:17","date_gmt":"2022-03-11T09:04:17","guid":{"rendered":"https:\/\/www.villalitharia.com\/?page_id=2741"},"modified":"2022-03-11T11:05:16","modified_gmt":"2022-03-11T09:05:16","slug":"formulaire-de-reservation","status":"publish","type":"page","link":"https:\/\/villalitharia.com\/fr\/formulaire-de-reservation\/","title":{"rendered":"Formulaire de r\u00e9servation"},"content":{"rendered":"<div class=\"wpb-content-wrapper\"><p>[vc_row full_width=&#8221;stretch_row&#8221; css=&#8221;.vc_custom_1617787150784{margin-top: -50px !important;padding-top: 70px !important;padding-bottom: 50px !important;background-color: #efefef !important;}&#8221;][vc_column][vc_column_text]<\/p>\n<h3 style=\"text-align: center;\">Durant la pand\u00e9mie due au Covid-19, toutes les mesures sanitaires sont appliqu\u00e9es<\/h3>\n<p style=\"text-align: center;\">La pand\u00e9mie due au Covid -19 n\u2019a pas impact\u00e9 les visiteurs de la Villa Litharia qui a \u00e9t\u00e9 occup\u00e9e durant presque toute la saison touristique. Au contraire, elle a r\u00e9pondu \u00e0 leur besoin de se sentir libres et en s\u00e9curit\u00e9, dans un espace o\u00f9 ils \u00e9taient en confiance, soit suite \u00e0 une premi\u00e8re exp\u00e9rience r\u00e9ussie, soit suite \u00e0 des recommandations d\u2019amis. Depuis toujours, \u00e0 la Villa Litharia nous faisons tr\u00e8s attention \u00e0 l\u2019hygi\u00e8ne, et veillons particuli\u00e8rement en ce moment \u00e0 l\u2019application minutieuse des mesures sanitaires recom-mand\u00e9es par les autorit\u00e9s grecques.<\/p>\n<p>[\/vc_column_text][\/vc_column][\/vc_row][vc_row][vc_column][\/vc_column][vc_column width=&#8221;1\/6&#8243;][\/vc_column][vc_column width=&#8221;2\/3&#8243;]\n<div class=\"wpcf7 no-js\" id=\"wpcf7-f2710-o1\" lang=\"fr-FR\" dir=\"ltr\" data-wpcf7-id=\"2710\">\n<div class=\"screen-reader-response\"><p role=\"status\" aria-live=\"polite\" aria-atomic=\"true\"><\/p> <ul><\/ul><\/div>\n<form action=\"\/fr\/wp-json\/wp\/v2\/pages\/2741#wpcf7-f2710-o1\" method=\"post\" class=\"wpcf7-form init\" aria-label=\"Formulaire de contact\" novalidate=\"novalidate\" data-status=\"init\">\n<div style=\"display: none;\">\n<input type=\"hidden\" name=\"_wpcf7\" value=\"2710\" \/>\n<input type=\"hidden\" name=\"_wpcf7_version\" value=\"6.0.3\" \/>\n<input type=\"hidden\" name=\"_wpcf7_locale\" value=\"fr_FR\" \/>\n<input type=\"hidden\" name=\"_wpcf7_unit_tag\" value=\"wpcf7-f2710-o1\" \/>\n<input type=\"hidden\" name=\"_wpcf7_container_post\" value=\"0\" \/>\n<input type=\"hidden\" name=\"_wpcf7_posted_data_hash\" value=\"\" \/>\n<input type=\"hidden\" name=\"_wpcf7_recaptcha_response\" value=\"\" \/>\n<\/div>\n<div class=\"form-group\">\n\t<div class=\"col-md-12\">\n\t\t<p style=\"text-align:center\"><label>Nom-Pr\u00e9nom<\/label>\n\t\t<\/p>\n\t\t<p><span class=\"wpcf7-form-control-wrap\" data-name=\"guest-name\"><input size=\"40\" maxlength=\"400\" class=\"wpcf7-form-control wpcf7-text wpcf7-validates-as-required\" aria-required=\"true\" aria-invalid=\"false\" value=\"\" type=\"text\" name=\"guest-name\" \/><\/span>\n\t\t<\/p>\n\t<\/div>\n<\/div>\n<div class=\"form-group\">\n\t<div class=\"col-md-6\">\n\t\t<p style=\"text-align:center\"><label>Email<\/label>\n\t\t<\/p>\n\t\t<p><span class=\"wpcf7-form-control-wrap\" data-name=\"guest-email\"><input size=\"40\" maxlength=\"400\" class=\"wpcf7-form-control wpcf7-email wpcf7-validates-as-required wpcf7-text wpcf7-validates-as-email\" aria-required=\"true\" aria-invalid=\"false\" value=\"\" type=\"email\" name=\"guest-email\" \/><\/span>\n\t\t<\/p>\n\t<\/div>\n\t<div class=\"col-md-6\">\n\t\t<p style=\"text-align:center\"><label>T\u00e9l\u00e9phone<\/label>\n\t\t<\/p>\n\t\t<p><span class=\"wpcf7-form-control-wrap\" data-name=\"guest-tel\"><input size=\"40\" maxlength=\"400\" class=\"wpcf7-form-control wpcf7-tel wpcf7-validates-as-required wpcf7-text wpcf7-validates-as-tel\" aria-required=\"true\" aria-invalid=\"false\" value=\"\" type=\"tel\" name=\"guest-tel\" \/><\/span>\n\t\t<\/p>\n\t<\/div>\n<\/div>\n<div class=\"form-group\">\n\t<div class=\"col-md-4\">\n\t\t<p style=\"text-align:center\"><label>Nombre de personnes<\/label>\n\t\t<\/p>\n\t\t<p><span class=\"wpcf7-form-control-wrap\" data-name=\"guest-guests\"><input class=\"wpcf7-form-control wpcf7-number wpcf7-validates-as-required wpcf7-validates-as-number\" min=\"2\" max=\"10\" aria-required=\"true\" aria-invalid=\"false\" value=\"\" type=\"number\" name=\"guest-guests\" \/><\/span>\n\t\t<\/p>\n\t<\/div>\n\t<div class=\"form-group\">\n\t\t<div class=\"col-md-4\">\n\t\t\t<p style=\"text-align:center\"><label>Date d\u2019arriv\u00e9e<\/label>\n\t\t\t<\/p>\n\t\t\t<p><span class=\"wpcf7-form-control-wrap\" data-name=\"guest-startdate\"><input size=\"40\" maxlength=\"400\" class=\"wpcf7-form-control wpcf7-text wpcf7-validates-as-required datefield\" aria-required=\"true\" aria-invalid=\"false\" value=\"\" type=\"text\" name=\"guest-startdate\" \/><\/span>\n\t\t\t<\/p>\n\t\t<\/div>\n\t\t<div class=\"col-md-4\">\n\t\t\t<p style=\"text-align:center\"><label>Date de d\u00e9part<\/label>\n\t\t\t<\/p>\n\t\t\t<p><span class=\"wpcf7-form-control-wrap\" data-name=\"guest-enddate\"><input size=\"40\" maxlength=\"400\" class=\"wpcf7-form-control wpcf7-text wpcf7-validates-as-required datefield\" aria-required=\"true\" aria-invalid=\"false\" value=\"\" type=\"text\" name=\"guest-enddate\" \/><\/span>\n\t\t\t<\/p>\n\t\t<\/div>\n\t<\/div>\n\t<div class=\"form-group\">\n\t\t<div class=\"col-md-12\">\n\t\t\t<p style=\"text-align:center\"><label>Plus de d\u00e9tails<\/label>\n\t\t\t<\/p>\n\t\t\t<p><span class=\"wpcf7-form-control-wrap\" data-name=\"guest-message\"><textarea cols=\"40\" rows=\"10\" maxlength=\"2000\" class=\"wpcf7-form-control wpcf7-textarea\" aria-invalid=\"false\" name=\"guest-message\"><\/textarea><\/span>\n\t\t\t<\/p>\n\t\t<\/div>\n\t<\/div>\n\t<p style=\"text-align:center\"><input class=\"wpcf7-form-control wpcf7-submit has-spinner btn btn-primary\" type=\"submit\" value=\"Envoyer\" \/>\n\t<\/p>\n<\/div><div class=\"wpcf7-response-output\" aria-hidden=\"true\"><\/div>\n<\/form>\n<\/div>\n[\/vc_column][vc_column width=&#8221;1\/6&#8243;][\/vc_column][\/vc_row]<\/p>\n<\/div>","protected":false},"excerpt":{"rendered":"<p>[vc_row full_width=&#8221;stretch_row&#8221; css=&#8221;.vc_custom_1617787150784{margin-top: -50px !important;padding-top: 70px !important;padding-bottom: 50px !important;background-color: #efefef !important;}&#8221;][vc_column][vc_column_text] Durant la pand\u00e9mie due au Covid-19, toutes les mesures sanitaires sont appliqu\u00e9es La pand\u00e9mie due au Covid -19 n\u2019a pas impact\u00e9 les visiteurs de la Villa Litharia qui a \u00e9t\u00e9 occup\u00e9e durant presque toute la saison touristique. Au contraire, elle a r\u00e9pondu \u00e0 leur [&hellip;]<\/p>\n","protected":false},"author":2,"featured_media":1999,"parent":0,"menu_order":15,"comment_status":"closed","ping_status":"closed","template":"","meta":{"_acf_changed":false,"inline_featured_image":false,"_themeisle_gutenberg_block_has_review":false,"footnotes":""},"class_list":["post-2741","page","type-page","status-publish","has-post-thumbnail","hentry"],"acf":[],"yoast_head":"<!-- This site is optimized with the Yoast SEO plugin v24.4 - https:\/\/yoast.com\/wordpress\/plugins\/seo\/ -->\n<title>Formulaire de r\u00e9servation - Villa Litharia<\/title>\n<meta name=\"robots\" content=\"index, follow, max-snippet:-1, max-image-preview:large, max-video-preview:-1\" \/>\n<link rel=\"canonical\" href=\"https:\/\/villalitharia.com\/fr\/formulaire-de-reservation\/\" \/>\n<meta property=\"og:locale\" content=\"fr_FR\" \/>\n<meta property=\"og:type\" content=\"article\" \/>\n<meta property=\"og:title\" content=\"Formulaire de r\u00e9servation - Villa Litharia\" \/>\n<meta property=\"og:description\" content=\"[vc_row full_width=&#8221;stretch_row&#8221; css=&#8221;.vc_custom_1617787150784{margin-top: -50px !important;padding-top: 70px !important;padding-bottom: 50px !important;background-color: #efefef !important;}&#8221;][vc_column][vc_column_text] Durant la pand\u00e9mie due au Covid-19, toutes les mesures sanitaires sont appliqu\u00e9es La pand\u00e9mie due au Covid -19 n\u2019a pas impact\u00e9 les visiteurs de la Villa Litharia qui a \u00e9t\u00e9 occup\u00e9e durant presque toute la saison touristique. Au contraire, elle a r\u00e9pondu \u00e0 leur [&hellip;]\" \/>\n<meta property=\"og:url\" content=\"https:\/\/villalitharia.com\/fr\/formulaire-de-reservation\/\" \/>\n<meta property=\"og:site_name\" content=\"Villa Litharia\" \/>\n<meta property=\"article:publisher\" content=\"https:\/\/www.facebook.com\/villalitharia\/\" \/>\n<meta property=\"article:modified_time\" content=\"2022-03-11T09:05:16+00:00\" \/>\n<meta property=\"og:image\" content=\"https:\/\/villalitharia.com\/wp-content\/uploads\/2022\/03\/16_1.jpeg\" \/>\n\t<meta property=\"og:image:width\" content=\"2000\" \/>\n\t<meta property=\"og:image:height\" content=\"1197\" \/>\n\t<meta property=\"og:image:type\" content=\"image\/jpeg\" \/>\n<meta name=\"twitter:label1\" content=\"Dur\u00e9e de lecture estim\u00e9e\" \/>\n\t<meta name=\"twitter:data1\" content=\"1 minute\" \/>\n<script type=\"application\/ld+json\" class=\"yoast-schema-graph\">{\"@context\":\"https:\/\/schema.org\",\"@graph\":[{\"@type\":\"WebPage\",\"@id\":\"https:\/\/villalitharia.com\/fr\/formulaire-de-reservation\/\",\"url\":\"https:\/\/villalitharia.com\/fr\/formulaire-de-reservation\/\",\"name\":\"Formulaire de r\u00e9servation - Villa Litharia\",\"isPartOf\":{\"@id\":\"https:\/\/villalitharia.com\/fr\/#website\"},\"primaryImageOfPage\":{\"@id\":\"https:\/\/villalitharia.com\/fr\/formulaire-de-reservation\/#primaryimage\"},\"image\":{\"@id\":\"https:\/\/villalitharia.com\/fr\/formulaire-de-reservation\/#primaryimage\"},\"thumbnailUrl\":\"https:\/\/villalitharia.com\/wp-content\/uploads\/2022\/03\/16_1.jpeg\",\"datePublished\":\"2022-03-11T09:04:17+00:00\",\"dateModified\":\"2022-03-11T09:05:16+00:00\",\"breadcrumb\":{\"@id\":\"https:\/\/villalitharia.com\/fr\/formulaire-de-reservation\/#breadcrumb\"},\"inLanguage\":\"fr-FR\",\"potentialAction\":[{\"@type\":\"ReadAction\",\"target\":[\"https:\/\/villalitharia.com\/fr\/formulaire-de-reservation\/\"]}]},{\"@type\":\"ImageObject\",\"inLanguage\":\"fr-FR\",\"@id\":\"https:\/\/villalitharia.com\/fr\/formulaire-de-reservation\/#primaryimage\",\"url\":\"https:\/\/villalitharia.com\/wp-content\/uploads\/2022\/03\/16_1.jpeg\",\"contentUrl\":\"https:\/\/villalitharia.com\/wp-content\/uploads\/2022\/03\/16_1.jpeg\",\"width\":2000,\"height\":1197},{\"@type\":\"BreadcrumbList\",\"@id\":\"https:\/\/villalitharia.com\/fr\/formulaire-de-reservation\/#breadcrumb\",\"itemListElement\":[{\"@type\":\"ListItem\",\"position\":1,\"name\":\"Home\",\"item\":\"https:\/\/villalitharia.com\/fr\/\"},{\"@type\":\"ListItem\",\"position\":2,\"name\":\"Formulaire de r\u00e9servation\"}]},{\"@type\":\"WebSite\",\"@id\":\"https:\/\/villalitharia.com\/fr\/#website\",\"url\":\"https:\/\/villalitharia.com\/fr\/\",\"name\":\"Villa Litharia\",\"description\":\"Your place to stay in Kea\",\"publisher\":{\"@id\":\"https:\/\/villalitharia.com\/fr\/#organization\"},\"potentialAction\":[{\"@type\":\"SearchAction\",\"target\":{\"@type\":\"EntryPoint\",\"urlTemplate\":\"https:\/\/villalitharia.com\/fr\/?s={search_term_string}\"},\"query-input\":{\"@type\":\"PropertyValueSpecification\",\"valueRequired\":true,\"valueName\":\"search_term_string\"}}],\"inLanguage\":\"fr-FR\"},{\"@type\":\"Organization\",\"@id\":\"https:\/\/villalitharia.com\/fr\/#organization\",\"name\":\"Villa Litharia\",\"url\":\"https:\/\/villalitharia.com\/fr\/\",\"logo\":{\"@type\":\"ImageObject\",\"inLanguage\":\"fr-FR\",\"@id\":\"https:\/\/villalitharia.com\/fr\/#\/schema\/logo\/image\/\",\"url\":\"https:\/\/villalitharia.com\/wp-content\/uploads\/2022\/03\/villa_logo_300_transp.png\",\"contentUrl\":\"https:\/\/villalitharia.com\/wp-content\/uploads\/2022\/03\/villa_logo_300_transp.png\",\"width\":300,\"height\":287,\"caption\":\"Villa Litharia\"},\"image\":{\"@id\":\"https:\/\/villalitharia.com\/fr\/#\/schema\/logo\/image\/\"},\"sameAs\":[\"https:\/\/www.facebook.com\/villalitharia\/\",\"https:\/\/www.instagram.com\/villalitharia\/\"]}]}<\/script>\n<!-- \/ Yoast SEO plugin. -->","yoast_head_json":{"title":"Formulaire de r\u00e9servation - Villa Litharia","robots":{"index":"index","follow":"follow","max-snippet":"max-snippet:-1","max-image-preview":"max-image-preview:large","max-video-preview":"max-video-preview:-1"},"canonical":"https:\/\/villalitharia.com\/fr\/formulaire-de-reservation\/","og_locale":"fr_FR","og_type":"article","og_title":"Formulaire de r\u00e9servation - Villa Litharia","og_description":"[vc_row full_width=&#8221;stretch_row&#8221; css=&#8221;.vc_custom_1617787150784{margin-top: -50px !important;padding-top: 70px !important;padding-bottom: 50px !important;background-color: #efefef !important;}&#8221;][vc_column][vc_column_text] Durant la pand\u00e9mie due au Covid-19, toutes les mesures sanitaires sont appliqu\u00e9es La pand\u00e9mie due au Covid -19 n\u2019a pas impact\u00e9 les visiteurs de la Villa Litharia qui a \u00e9t\u00e9 occup\u00e9e durant presque toute la saison touristique. Au contraire, elle a r\u00e9pondu \u00e0 leur [&hellip;]","og_url":"https:\/\/villalitharia.com\/fr\/formulaire-de-reservation\/","og_site_name":"Villa Litharia","article_publisher":"https:\/\/www.facebook.com\/villalitharia\/","article_modified_time":"2022-03-11T09:05:16+00:00","og_image":[{"width":2000,"height":1197,"url":"https:\/\/villalitharia.com\/wp-content\/uploads\/2022\/03\/16_1.jpeg","type":"image\/jpeg"}],"twitter_misc":{"Dur\u00e9e de lecture estim\u00e9e":"1 minute"},"schema":{"@context":"https:\/\/schema.org","@graph":[{"@type":"WebPage","@id":"https:\/\/villalitharia.com\/fr\/formulaire-de-reservation\/","url":"https:\/\/villalitharia.com\/fr\/formulaire-de-reservation\/","name":"Formulaire de r\u00e9servation - Villa Litharia","isPartOf":{"@id":"https:\/\/villalitharia.com\/fr\/#website"},"primaryImageOfPage":{"@id":"https:\/\/villalitharia.com\/fr\/formulaire-de-reservation\/#primaryimage"},"image":{"@id":"https:\/\/villalitharia.com\/fr\/formulaire-de-reservation\/#primaryimage"},"thumbnailUrl":"https:\/\/villalitharia.com\/wp-content\/uploads\/2022\/03\/16_1.jpeg","datePublished":"2022-03-11T09:04:17+00:00","dateModified":"2022-03-11T09:05:16+00:00","breadcrumb":{"@id":"https:\/\/villalitharia.com\/fr\/formulaire-de-reservation\/#breadcrumb"},"inLanguage":"fr-FR","potentialAction":[{"@type":"ReadAction","target":["https:\/\/villalitharia.com\/fr\/formulaire-de-reservation\/"]}]},{"@type":"ImageObject","inLanguage":"fr-FR","@id":"https:\/\/villalitharia.com\/fr\/formulaire-de-reservation\/#primaryimage","url":"https:\/\/villalitharia.com\/wp-content\/uploads\/2022\/03\/16_1.jpeg","contentUrl":"https:\/\/villalitharia.com\/wp-content\/uploads\/2022\/03\/16_1.jpeg","width":2000,"height":1197},{"@type":"BreadcrumbList","@id":"https:\/\/villalitharia.com\/fr\/formulaire-de-reservation\/#breadcrumb","itemListElement":[{"@type":"ListItem","position":1,"name":"Home","item":"https:\/\/villalitharia.com\/fr\/"},{"@type":"ListItem","position":2,"name":"Formulaire de r\u00e9servation"}]},{"@type":"WebSite","@id":"https:\/\/villalitharia.com\/fr\/#website","url":"https:\/\/villalitharia.com\/fr\/","name":"Villa Litharia","description":"Your place to stay in Kea","publisher":{"@id":"https:\/\/villalitharia.com\/fr\/#organization"},"potentialAction":[{"@type":"SearchAction","target":{"@type":"EntryPoint","urlTemplate":"https:\/\/villalitharia.com\/fr\/?s={search_term_string}"},"query-input":{"@type":"PropertyValueSpecification","valueRequired":true,"valueName":"search_term_string"}}],"inLanguage":"fr-FR"},{"@type":"Organization","@id":"https:\/\/villalitharia.com\/fr\/#organization","name":"Villa Litharia","url":"https:\/\/villalitharia.com\/fr\/","logo":{"@type":"ImageObject","inLanguage":"fr-FR","@id":"https:\/\/villalitharia.com\/fr\/#\/schema\/logo\/image\/","url":"https:\/\/villalitharia.com\/wp-content\/uploads\/2022\/03\/villa_logo_300_transp.png","contentUrl":"https:\/\/villalitharia.com\/wp-content\/uploads\/2022\/03\/villa_logo_300_transp.png","width":300,"height":287,"caption":"Villa Litharia"},"image":{"@id":"https:\/\/villalitharia.com\/fr\/#\/schema\/logo\/image\/"},"sameAs":["https:\/\/www.facebook.com\/villalitharia\/","https:\/\/www.instagram.com\/villalitharia\/"]}]}},"_links":{"self":[{"href":"https:\/\/villalitharia.com\/fr\/wp-json\/wp\/v2\/pages\/2741","targetHints":{"allow":["GET"]}}],"collection":[{"href":"https:\/\/villalitharia.com\/fr\/wp-json\/wp\/v2\/pages"}],"about":[{"href":"https:\/\/villalitharia.com\/fr\/wp-json\/wp\/v2\/types\/page"}],"author":[{"embeddable":true,"href":"https:\/\/villalitharia.com\/fr\/wp-json\/wp\/v2\/users\/2"}],"replies":[{"embeddable":true,"href":"https:\/\/villalitharia.com\/fr\/wp-json\/wp\/v2\/comments?post=2741"}],"version-history":[{"count":0,"href":"https:\/\/villalitharia.com\/fr\/wp-json\/wp\/v2\/pages\/2741\/revisions"}],"wp:featuredmedia":[{"embeddable":true,"href":"https:\/\/villalitharia.com\/fr\/wp-json\/wp\/v2\/media\/1999"}],"wp:attachment":[{"href":"https:\/\/villalitharia.com\/fr\/wp-json\/wp\/v2\/media?parent=2741"}],"curies":[{"name":"wp","href":"https:\/\/api.w.org\/{rel}","templated":true}]}}